{"id":3308,"date":"2016-06-08T15:19:45","date_gmt":"2016-06-08T14:19:45","guid":{"rendered":"http:\/\/lahalleauxfleurs.eu\/?page_id=3308"},"modified":"2018-06-27T16:01:20","modified_gmt":"2018-06-27T15:01:20","slug":"mentions-legales","status":"publish","type":"page","link":"https:\/\/lahalleauxfleurs.eu\/?page_id=3308","title":{"rendered":"MENTIONS L\u00c9GALES"},"content":{"rendered":"<div  class='togglecontainer av-av_toggle_container-8e0c6e39d39b619a829887bd54fff3ed  avia-builder-el-0  el_before_av_hr  avia-builder-el-first  toggle_close_all' >\n<section class='av_toggle_section av-av_toggle-e1cf100ae9ab2b40860bbf802290ea6a'  itemscope=\"itemscope\" itemtype=\"https:\/\/schema.org\/CreativeWork\" ><div role=\"tablist\" class=\"single_toggle\" data-tags=\"{Tout} \"  ><p id='toggle-toggle-id-1' data-fake-id='#toggle-id-1' class='toggler  av-title-above '  itemprop=\"headline\"  role='tab' tabindex='0' aria-controls='toggle-id-1' data-slide-speed=\"200\" data-title=\"PROTECTION DES DONN\u00c9ES PERSONNELLES\" data-title-open=\"\" data-aria_collapsed=\"Cliquez pour \u00e9tendre : PROTECTION DES DONN\u00c9ES PERSONNELLES\" data-aria_expanded=\"Cliquez pour r\u00e9duire : PROTECTION DES DONN\u00c9ES PERSONNELLES\">PROTECTION DES DONN\u00c9ES PERSONNELLES<span class=\"toggle_icon\"><span class=\"vert_icon\"><\/span><span class=\"hor_icon\"><\/span><\/span><\/p><div id='toggle-id-1' aria-labelledby='toggle-toggle-id-1' role='region' class='toggle_wrap  av-title-above'  ><div class='toggle_content invers-color '  itemprop=\"text\" ><p>Conform\u00e9ment \u00e0 la loi \u00ab\u00a0informatique et libert\u00e9s\u00a0\u00bb du 6 janvier 1978, vous disposez d\u2019un droit d\u2019acc\u00e8s, de modification, de rectification et de suppression des donn\u00e9es qui vous concernent. Vous pouvez exercer ce droit aupr\u00e8s du service Marketing en envoyant un mail \u00e0 marketing@lahalleauxfleurs.fr<\/p>\n<\/div><\/div><\/div><\/section>\n<section class='av_toggle_section av-av_toggle-5da7aa9a1dee4588069370fcb3bedab5'  itemscope=\"itemscope\" itemtype=\"https:\/\/schema.org\/CreativeWork\" ><div role=\"tablist\" class=\"single_toggle\" data-tags=\"{Tout} \"  ><p id='toggle-toggle-id-2' data-fake-id='#toggle-id-2' class='toggler  av-title-above '  itemprop=\"headline\"  role='tab' tabindex='0' aria-controls='toggle-id-2' data-slide-speed=\"200\" data-title=\"DROITS D\u2019AUTEUR ET COPYRIGHT\" data-title-open=\"\" data-aria_collapsed=\"Cliquez pour \u00e9tendre : DROITS D\u2019AUTEUR ET COPYRIGHT\" data-aria_expanded=\"Cliquez pour r\u00e9duire : DROITS D\u2019AUTEUR ET COPYRIGHT\">DROITS D\u2019AUTEUR ET COPYRIGHT<span class=\"toggle_icon\"><span class=\"vert_icon\"><\/span><span class=\"hor_icon\"><\/span><\/span><\/p><div id='toggle-id-2' aria-labelledby='toggle-toggle-id-2' role='region' class='toggle_wrap  av-title-above'  ><div class='toggle_content invers-color '  itemprop=\"text\" ><p>Tous les \u00e9l\u00e9ments (textes, logos, images, \u00e9l\u00e9ments sonores, logiciels, \u00eecones,\u2026) contenus dans le site ou dans les sites associ\u00e9s sont prot\u00e9g\u00e9s par le droit de propri\u00e9t\u00e9 intellectuelle. Ainsi, aucun des documents provenant du site ne peut \u00eatre copi\u00e9, reproduit, modifi\u00e9, transmis, diffus\u00e9 d\u2019aucune mani\u00e8re que ce soit. Seul est autoris\u00e9 le t\u00e9l\u00e9chargement d\u2019une copie des documents pour votre utilisation personnelle et \u00e0 des fins non commerciales. La modification de ces documents ou leur utilisation dans un autre but constitue une infraction au droit de propri\u00e9t\u00e9 intellectuelle de la Halle aux Fleurs et de ses partenaires.<\/p>\n<p>Photos : \u00a9 Fotolia;\u00a0\u00a9 La Halle aux Fleurs<\/p>\n<p>Le pr\u00e9sent site a \u00e9t\u00e9 r\u00e9alis\u00e9 par la soci\u00e9t\u00e9 <a href=\"http:\/\/www.isaprint.fr\">ISA<\/a><\/p>\n<\/div><\/div><\/div><\/section>\n<section class='av_toggle_section av-av_toggle-8fad8c66be202b5b2c5b302dcdd81c64'  itemscope=\"itemscope\" itemtype=\"https:\/\/schema.org\/CreativeWork\" ><div role=\"tablist\" class=\"single_toggle\" data-tags=\"{Tout} \"  ><p id='toggle-toggle-id-3' data-fake-id='#toggle-id-3' class='toggler  av-title-above '  itemprop=\"headline\"  role='tab' tabindex='0' aria-controls='toggle-id-3' data-slide-speed=\"200\" data-title=\"DIRECTEUR DE LA PUBLICATION\" data-title-open=\"\" data-aria_collapsed=\"Cliquez pour \u00e9tendre : DIRECTEUR DE LA PUBLICATION\" data-aria_expanded=\"Cliquez pour r\u00e9duire : DIRECTEUR DE LA PUBLICATION\">DIRECTEUR DE LA PUBLICATION<span class=\"toggle_icon\"><span class=\"vert_icon\"><\/span><span class=\"hor_icon\"><\/span><\/span><\/p><div id='toggle-id-3' aria-labelledby='toggle-toggle-id-3' role='region' class='toggle_wrap  av-title-above'  ><div class='toggle_content invers-color '  itemprop=\"text\" ><p>Pascal ADAM &#8211; La Halle aux Fleurs<\/p>\n<p>La Halle aux Fleurs 1 :<br \/>\n12, avenue du Mar\u00e9chal de Lattre de Tassigny &#8211; 79000 NIORT<br \/>\nSARL au capital de 15 000 \u20ac\u00a0\u2022 SIRET :\u00a0491 954 996 000 14\u00a0\u2022 TVA Intracommunautaire :\u00a0FR09 491 954 996<\/p>\n<p>La Halle aux Fleurs 2\u00a0:<br \/>\n445, avenue de Limoges &#8211; 79000 NIORT<br \/>\nSARL au capital de 10 000 \u20ac\u00a0\u2022 SIRET :\u00a0788 536 811 00011\u00a0\u2022 TVA Intracommunautaire : FR53 788 536 811<\/p>\n<p>La Halle aux Fleurs 3\u00a0:<br \/>\n140, route de Paris &#8211; 16160 GOND-PONTOUVRE<br \/>\nSARL au capital de 10 000 \u20ac\u00a0\u2022 SIRET :\u00a0798 015 897 000 19\u00a0\u2022 TVA Intracommunautaire : FR15 798 015 897<\/p>\n<p>La Halle aux Fleurs 4\u00a0:<br \/>\n44, rue Audry de Puyravault &#8211; 17300 ROCHEFORT<br \/>\nSARL au capital de 5 000 \u20ac\u00a0\u2022 SIRET :\u00a0810 982 272 000 17\u00a0\u2022 TVA Intracommunautaire : FR06 810 982 272<\/p>\n<p>La Halle aux Fleurs 5\u00a0:<br \/>\n1, rue de Guinielle &#8211; 17200 ROYAN<br \/>\nSARL au capital de 5 000 \u20ac\u00a0\u2022 SIRET :\u00a0815 122 759 000 13\u00a0\u2022 TVA Intracommunautaire : FR35 815 122 759<\/p>\n<p>La Halle aux Fleurs 6\u00a0:<br \/>\n85, avenue Ali\u00e9nor d&rsquo;Aquitaine\u00a0&#8211; 85000\u00a0LA-ROCHE-SUR-YON<br \/>\nSARL au capital de 5 000 \u20ac\u00a0\u2022 RCS\u00a0: 829\u00a0086\u00a0909\u00a0\u2022 TVA Intracommunautaire : FR\u00a0en cours<\/p>\n<\/div><\/div><\/div><\/section>\n<section class='av_toggle_section av-av_toggle-92c4cac62d4d51b0f3542910e926d2ca'  itemscope=\"itemscope\" itemtype=\"https:\/\/schema.org\/CreativeWork\" ><div role=\"tablist\" class=\"single_toggle\" data-tags=\"{Tout} \"  ><p id='toggle-toggle-id-4' data-fake-id='#toggle-id-4' class='toggler  av-title-above '  itemprop=\"headline\"  role='tab' tabindex='0' aria-controls='toggle-id-4' data-slide-speed=\"200\" data-title=\"H\u00c9BERGEMENT\" data-title-open=\"\" data-aria_collapsed=\"Cliquez pour \u00e9tendre : H\u00c9BERGEMENT\" data-aria_expanded=\"Cliquez pour r\u00e9duire : H\u00c9BERGEMENT\">H\u00c9BERGEMENT<span class=\"toggle_icon\"><span class=\"vert_icon\"><\/span><span class=\"hor_icon\"><\/span><\/span><\/p><div id='toggle-id-4' aria-labelledby='toggle-toggle-id-4' role='region' class='toggle_wrap  av-title-above'  ><div class='toggle_content invers-color '  itemprop=\"text\" ><p>Le pr\u00e9sent site est h\u00e9berg\u00e9 par :<br \/>\nla soci\u00e9t\u00e9 OVH \u2013 2 rue Kellermann \u2013 &#8211; BP80157 &#8211; \u00a059053 Roubaix Cedex 1\u2013 France<\/p>\n<\/div><\/div><\/div><\/section>\n<\/div>\n\n<style type=\"text\/css\" data-created_by=\"avia_inline_auto\" id=\"style-css-av-av_hr-0688d0b0b6ed2f8b057db7a8270206df\">\n#top .hr.hr-invisible.av-av_hr-0688d0b0b6ed2f8b057db7a8270206df{\nheight:50px;\n}\n<\/style>\n<div  class='hr av-av_hr-0688d0b0b6ed2f8b057db7a8270206df hr-invisible  avia-builder-el-1  el_after_av_toggle_container  el_before_av_contact '><span class='hr-inner '><span class=\"hr-inner-style\"><\/span><\/span><\/div>\n<form action=\"https:\/\/lahalleauxfleurs.eu\/?page_id=3308\" method=\"post\" data-fields-with-error=\"Erreurs trouv\u00e9es dans les champs suivants :\" class=\"avia_ajax_form av-form-labels-visible   avia-builder-el-2  el_after_av_hr  avia-builder-el-last   \" data-avia-form-id=\"1\" data-avia-redirect='' ><h3 class=''>Envoyez-nous un email<\/h3><fieldset><p class='  first_form  form_element form_fullwidth' id='element_avia_1_1'><label for=\"avia_1_1\">Nom <abbr class=\"required\" title=\"requis(e)\">*<\/abbr><\/label> <input name=\"avia_1_1\" class=\"text_input is_empty\" type=\"text\" id=\"avia_1_1\" value=\"\" \/><\/p><p class='  first_form  form_element form_fullwidth' id='element_avia_2_1'><label for=\"avia_2_1\">Adresse mail <abbr class=\"required\" title=\"requis(e)\">*<\/abbr><\/label> <input name=\"avia_2_1\" class=\"text_input is_email\" type=\"text\" id=\"avia_2_1\" value=\"\" \/><\/p><p class='  first_form  form_element form_fullwidth' id='element_avia_3_1'><label for=\"avia_3_1\">Sujet <abbr class=\"required\" title=\"requis(e)\">*<\/abbr><\/label> <input name=\"avia_3_1\" class=\"text_input is_empty\" type=\"text\" id=\"avia_3_1\" value=\"\" \/><\/p><p class='  first_form  form_element form_fullwidth av-last-visible-form-element' id='element_avia_4_1'><label for=\"avia_4_1\" class=\"textare_label hidden textare_label_avia_4_1\">Message <abbr class=\"required\" title=\"requis(e)\">*<\/abbr><\/label><textarea  name=\"avia_4_1\" class=\"text_area is_empty\" cols=\"40\" rows=\"7\" id=\"avia_4_1\" ><\/textarea><\/p><p class=\"hidden\"><input type=\"text\" name=\"avia_5_1\" class=\"hidden \" id=\"avia_5_1\" value=\"\" \/><\/p><p class=\"form_element \"><input type=\"hidden\" value=\"1\" name=\"avia_generated_form1\" \/><input type=\"submit\" value=\"Valider\" class=\"button\"  data-sending-label=\"Envoi\"\/><\/p><\/fieldset><\/form><div id=\"ajaxresponse_1\" class=\"ajaxresponse ajaxresponse_1 hidden\"><\/div>\n","protected":false},"excerpt":{"rendered":"","protected":false},"author":1,"featured_media":0,"parent":0,"menu_order":0,"comment_status":"closed","ping_status":"closed","template":"","meta":{"footnotes":""},"class_list":["post-3308","page","type-page","status-publish","hentry"],"_links":{"self":[{"href":"https:\/\/lahalleauxfleurs.eu\/index.php?rest_route=\/wp\/v2\/pages\/3308","targetHints":{"allow":["GET"]}}],"collection":[{"href":"https:\/\/lahalleauxfleurs.eu\/index.php?rest_route=\/wp\/v2\/pages"}],"about":[{"href":"https:\/\/lahalleauxfleurs.eu\/index.php?rest_route=\/wp\/v2\/types\/page"}],"author":[{"embeddable":true,"href":"https:\/\/lahalleauxfleurs.eu\/index.php?rest_route=\/wp\/v2\/users\/1"}],"replies":[{"embeddable":true,"href":"https:\/\/lahalleauxfleurs.eu\/index.php?rest_route=%2Fwp%2Fv2%2Fcomments&post=3308"}],"version-history":[{"count":15,"href":"https:\/\/lahalleauxfleurs.eu\/index.php?rest_route=\/wp\/v2\/pages\/3308\/revisions"}],"predecessor-version":[{"id":4683,"href":"https:\/\/lahalleauxfleurs.eu\/index.php?rest_route=\/wp\/v2\/pages\/3308\/revisions\/4683"}],"wp:attachment":[{"href":"https:\/\/lahalleauxfleurs.eu\/index.php?rest_route=%2Fwp%2Fv2%2Fmedia&parent=3308"}],"curies":[{"name":"wp","href":"https:\/\/api.w.org\/{rel}","templated":true}]}}