{"id":3246,"date":"2016-06-07T13:51:55","date_gmt":"2016-06-07T12:51:55","guid":{"rendered":"http:\/\/lahalleauxfleurs.eu\/?page_id=3246"},"modified":"2026-03-07T22:57:21","modified_gmt":"2026-03-07T21:57:21","slug":"nos-points-de-vente","status":"publish","type":"page","link":"https:\/\/lahalleauxfleurs.eu\/?page_id=3246","title":{"rendered":"Nos points de vente"},"content":{"rendered":"<div  class='av_gmaps_sc_main_wrap av_gmaps_main_wrap '><div id='av_gmap_0' class='avia-google-map-container avia-google-map-sc av_gmaps_show_unconditionally av-no-fallback-img ' data-mapid='av_gmap_0'  style='height: 600px;'><a class=\"av_gmaps_browser_disabled av_text_confirm_link av_text_confirm_link_visible\" href=\"https:\/\/www.google.com\/maps\/search\/?api=1&#038;query=12,%20avenue%20du%20Mar\u00e9chal%20de%20Lattre%20de%20Tassigny%20%2079000%20NIORT%20%20France\" target=\"_blank\">Les cartes ont \u00e9t\u00e9 d\u00e9sactiv\u00e9es par le visiteur sur ce site. Cliquer pour ouvrir la carte dans une nouvelle fen\u00eatre.<\/a><\/div><\/div>\n\n<style type=\"text\/css\" data-created_by=\"avia_inline_auto\" id=\"style-css-av-ayslqm-02aef410dea622e34a1dfef37b5e5e5a\">\n.flex_column.av-ayslqm-02aef410dea622e34a1dfef37b5e5e5a{\nborder-radius:0px 0px 0px 0px;\npadding:0px 0px 0px 0px;\n}\n<\/style>\n<div  class='flex_column av-ayslqm-02aef410dea622e34a1dfef37b5e5e5a av_one_fourth  avia-builder-el-1  el_after_av_google_map  el_before_av_one_fourth  avia-builder-el-first  first flex_column_div av-zero-column-padding  '     ><p>\n<style type=\"text\/css\" data-created_by=\"avia_inline_auto\" id=\"style-css-av-juy6xzad-fd3662023972329bfb75499c625af7d2\">\n.avia-image-container.av-juy6xzad-fd3662023972329bfb75499c625af7d2 img.avia_image{\nbox-shadow:none;\n}\n.avia-image-container.av-juy6xzad-fd3662023972329bfb75499c625af7d2 .av-image-caption-overlay-center{\ncolor:#ffffff;\n}\n<\/style>\n<div  class='avia-image-container av-juy6xzad-fd3662023972329bfb75499c625af7d2 av-styling- avia-align-center  avia-builder-el-2  el_before_av_textblock  avia-builder-el-first '   itemprop=\"image\" itemscope=\"itemscope\" itemtype=\"https:\/\/schema.org\/ImageObject\" ><div class=\"avia-image-container-inner\"><div class=\"avia-image-overlay-wrap\"><img decoding=\"async\" fetchpriority=\"high\" class='wp-image-3423 avia-img-lazy-loading-not-3423 avia_image ' src=\"https:\/\/lahalleauxfleurs.eu\/wp-content\/uploads\/2013\/04\/LHAF1-1-300x200.jpg\" alt='' title='lhaf1-1'  height=\"200\" width=\"300\"  itemprop=\"thumbnailUrl\" srcset=\"https:\/\/lahalleauxfleurs.eu\/wp-content\/uploads\/2013\/04\/LHAF1-1-300x200.jpg 300w, https:\/\/lahalleauxfleurs.eu\/wp-content\/uploads\/2013\/04\/LHAF1-1-768x512.jpg 768w, https:\/\/lahalleauxfleurs.eu\/wp-content\/uploads\/2013\/04\/LHAF1-1-1030x686.jpg 1030w, https:\/\/lahalleauxfleurs.eu\/wp-content\/uploads\/2013\/04\/LHAF1-1-1500x1000.jpg 1500w, https:\/\/lahalleauxfleurs.eu\/wp-content\/uploads\/2013\/04\/LHAF1-1-705x470.jpg 705w, https:\/\/lahalleauxfleurs.eu\/wp-content\/uploads\/2013\/04\/LHAF1-1-450x300.jpg 450w, https:\/\/lahalleauxfleurs.eu\/wp-content\/uploads\/2013\/04\/LHAF1-1.jpg 2048w\" sizes=\"(max-width: 300px) 100vw, 300px\" \/><\/div><\/div><\/div><br \/>\n\n<style type=\"text\/css\" data-created_by=\"avia_inline_auto\" id=\"style-css-av-juy6q96m-5eff08a7481c2ba782c20f68a045795a\">\n#top .av_textblock_section.av-juy6q96m-5eff08a7481c2ba782c20f68a045795a .avia_textblock{\nfont-size:15px;\n}\n<\/style>\n<section  class='av_textblock_section av-juy6q96m-5eff08a7481c2ba782c20f68a045795a '   itemscope=\"itemscope\" itemtype=\"https:\/\/schema.org\/CreativeWork\" ><div class='avia_textblock'  itemprop=\"text\" ><p><strong>LA HALLE AUX FLEURS<\/strong><br \/>\nNiort Centre<br \/>\n\u00e0 c\u00f4t\u00e9 du centre Leclerc<br \/>\n12, ave de Lattre de Tassigny<br \/>\n79000 Niort<br \/>\n<strong>T\u00e9l. : 05 49 09 21 09<\/strong><\/p>\n<\/div><\/section><\/p><\/div>\n\n<style type=\"text\/css\" data-created_by=\"avia_inline_auto\" id=\"style-css-av-wau2m-f49ca8f3078dd2d39e9fc3c03c1798e6\">\n.flex_column.av-wau2m-f49ca8f3078dd2d39e9fc3c03c1798e6{\nborder-radius:0px 0px 0px 0px;\npadding:0px 0px 0px 0px;\n}\n<\/style>\n<div  class='flex_column av-wau2m-f49ca8f3078dd2d39e9fc3c03c1798e6 av_one_fourth  avia-builder-el-4  el_after_av_one_fourth  el_before_av_one_fourth  flex_column_div av-zero-column-padding  '     ><p>\n<style type=\"text\/css\" data-created_by=\"avia_inline_auto\" id=\"style-css-av-juy6za0c-37aa4fc08087bc1887a6d40a1921171e\">\n.avia-image-container.av-juy6za0c-37aa4fc08087bc1887a6d40a1921171e img.avia_image{\nbox-shadow:none;\n}\n.avia-image-container.av-juy6za0c-37aa4fc08087bc1887a6d40a1921171e .av-image-caption-overlay-center{\ncolor:#ffffff;\n}\n<\/style>\n<div  class='avia-image-container av-juy6za0c-37aa4fc08087bc1887a6d40a1921171e av-styling- avia-align-center  avia-builder-el-5  el_before_av_textblock  avia-builder-el-first '   itemprop=\"image\" itemscope=\"itemscope\" itemtype=\"https:\/\/schema.org\/ImageObject\" ><div class=\"avia-image-container-inner\"><div class=\"avia-image-overlay-wrap\"><img decoding=\"async\" fetchpriority=\"high\" class='wp-image-3424 avia-img-lazy-loading-not-3424 avia_image ' src=\"https:\/\/lahalleauxfleurs.eu\/wp-content\/uploads\/2013\/04\/LHAF2-1-300x200.jpg\" alt='' title='lhaf2-1'  height=\"200\" width=\"300\"  itemprop=\"thumbnailUrl\" srcset=\"https:\/\/lahalleauxfleurs.eu\/wp-content\/uploads\/2013\/04\/LHAF2-1-300x200.jpg 300w, https:\/\/lahalleauxfleurs.eu\/wp-content\/uploads\/2013\/04\/LHAF2-1-768x512.jpg 768w, https:\/\/lahalleauxfleurs.eu\/wp-content\/uploads\/2013\/04\/LHAF2-1-1030x686.jpg 1030w, https:\/\/lahalleauxfleurs.eu\/wp-content\/uploads\/2013\/04\/LHAF2-1-1500x1000.jpg 1500w, https:\/\/lahalleauxfleurs.eu\/wp-content\/uploads\/2013\/04\/LHAF2-1-705x470.jpg 705w, https:\/\/lahalleauxfleurs.eu\/wp-content\/uploads\/2013\/04\/LHAF2-1-450x300.jpg 450w, https:\/\/lahalleauxfleurs.eu\/wp-content\/uploads\/2013\/04\/LHAF2-1.jpg 2048w\" sizes=\"(max-width: 300px) 100vw, 300px\" \/><\/div><\/div><\/div><br \/>\n\n<style type=\"text\/css\" data-created_by=\"avia_inline_auto\" id=\"style-css-av-juy6q96m-5eff08a7481c2ba782c20f68a045795a\">\n#top .av_textblock_section.av-juy6q96m-5eff08a7481c2ba782c20f68a045795a .avia_textblock{\nfont-size:15px;\n}\n<\/style>\n<section  class='av_textblock_section av-juy6q96m-5eff08a7481c2ba782c20f68a045795a '   itemscope=\"itemscope\" itemtype=\"https:\/\/schema.org\/CreativeWork\" ><div class='avia_textblock'  itemprop=\"text\" ><p><strong>LA HALLE AUX FLEURS<\/strong><br \/>\nNiort Est<br \/>\n\u00e0 c\u00f4t\u00e9 de D\u00e9cathlon<br \/>\n445, ave de Limoges<br \/>\n79000 Niort<br \/>\n<strong>T\u00e9l. : 05 49 16 93 11<\/strong><\/p>\n<\/div><\/section><\/p><\/div>\n\n<style type=\"text\/css\" data-created_by=\"avia_inline_auto\" id=\"style-css-av-6v4oa6-03dc5008c91776e6b74e2011eb151cee\">\n.flex_column.av-6v4oa6-03dc5008c91776e6b74e2011eb151cee{\nborder-radius:0px 0px 0px 0px;\npadding:0px 0px 0px 0px;\n}\n<\/style>\n<div  class='flex_column av-6v4oa6-03dc5008c91776e6b74e2011eb151cee av_one_fourth  avia-builder-el-7  el_after_av_one_fourth  el_before_av_one_fourth  flex_column_div av-zero-column-padding  '     ><p>\n<style type=\"text\/css\" data-created_by=\"avia_inline_auto\" id=\"style-css-av-juy6zrko-3ea26465663b63dfdc69b43fc2a356d4\">\n.avia-image-container.av-juy6zrko-3ea26465663b63dfdc69b43fc2a356d4 img.avia_image{\nbox-shadow:none;\n}\n.avia-image-container.av-juy6zrko-3ea26465663b63dfdc69b43fc2a356d4 .av-image-caption-overlay-center{\ncolor:#ffffff;\n}\n<\/style>\n<div  class='avia-image-container av-juy6zrko-3ea26465663b63dfdc69b43fc2a356d4 av-styling- avia-align-center  avia-builder-el-8  el_before_av_textblock  avia-builder-el-first '   itemprop=\"image\" itemscope=\"itemscope\" itemtype=\"https:\/\/schema.org\/ImageObject\" ><div class=\"avia-image-container-inner\"><div class=\"avia-image-overlay-wrap\"><img decoding=\"async\" fetchpriority=\"high\" class='wp-image-3379 avia-img-lazy-loading-not-3379 avia_image ' src=\"https:\/\/lahalleauxfleurs.eu\/wp-content\/uploads\/2016\/06\/LHAF3-300x200.jpg\" alt='' title='LHAF3'  height=\"200\" width=\"300\"  itemprop=\"thumbnailUrl\" srcset=\"https:\/\/lahalleauxfleurs.eu\/wp-content\/uploads\/2016\/06\/LHAF3-300x200.jpg 300w, https:\/\/lahalleauxfleurs.eu\/wp-content\/uploads\/2016\/06\/LHAF3-768x512.jpg 768w, https:\/\/lahalleauxfleurs.eu\/wp-content\/uploads\/2016\/06\/LHAF3-1030x686.jpg 1030w, https:\/\/lahalleauxfleurs.eu\/wp-content\/uploads\/2016\/06\/LHAF3-1500x1000.jpg 1500w, https:\/\/lahalleauxfleurs.eu\/wp-content\/uploads\/2016\/06\/LHAF3-705x470.jpg 705w, https:\/\/lahalleauxfleurs.eu\/wp-content\/uploads\/2016\/06\/LHAF3-450x300.jpg 450w, https:\/\/lahalleauxfleurs.eu\/wp-content\/uploads\/2016\/06\/LHAF3.jpg 2048w\" sizes=\"(max-width: 300px) 100vw, 300px\" \/><\/div><\/div><\/div><br \/>\n\n<style type=\"text\/css\" data-created_by=\"avia_inline_auto\" id=\"style-css-av-juy6q96m-5eff08a7481c2ba782c20f68a045795a\">\n#top .av_textblock_section.av-juy6q96m-5eff08a7481c2ba782c20f68a045795a .avia_textblock{\nfont-size:15px;\n}\n<\/style>\n<section  class='av_textblock_section av-juy6q96m-5eff08a7481c2ba782c20f68a045795a '   itemscope=\"itemscope\" itemtype=\"https:\/\/schema.org\/CreativeWork\" ><div class='avia_textblock'  itemprop=\"text\" ><p><strong>LA HALLE AUX FLEURS<br \/>\n<\/strong>Angoul\u00eame<br \/>\nFace au march\u00e9 Bio de L\u00e9opold<br \/>\n140 route de Paris<br \/>\n16160 Gond-Pontouvre<br \/>\n<strong>T\u00e9l. 05 45 94 99 50<\/strong><\/p>\n<\/div><\/section><\/p><\/div>\n\n<style type=\"text\/css\" data-created_by=\"avia_inline_auto\" id=\"style-css-av-5mj3cu-63e6fa23ec98e81ce48b049f1b748d5a\">\n.flex_column.av-5mj3cu-63e6fa23ec98e81ce48b049f1b748d5a{\nborder-radius:0px 0px 0px 0px;\npadding:0px 0px 0px 0px;\n}\n<\/style>\n<div  class='flex_column av-5mj3cu-63e6fa23ec98e81ce48b049f1b748d5a av_one_fourth  avia-builder-el-10  el_after_av_one_fourth  el_before_av_one_fourth  flex_column_div av-zero-column-padding  '     ><p>\n<style type=\"text\/css\" data-created_by=\"avia_inline_auto\" id=\"style-css-av-juy70o4h-3858d873dde86dbc932235d18dc3577b\">\n.avia-image-container.av-juy70o4h-3858d873dde86dbc932235d18dc3577b img.avia_image{\nbox-shadow:none;\n}\n.avia-image-container.av-juy70o4h-3858d873dde86dbc932235d18dc3577b .av-image-caption-overlay-center{\ncolor:#ffffff;\n}\n<\/style>\n<div  class='avia-image-container av-juy70o4h-3858d873dde86dbc932235d18dc3577b av-styling- avia-align-center  avia-builder-el-11  el_before_av_textblock  avia-builder-el-first '   itemprop=\"image\" itemscope=\"itemscope\" itemtype=\"https:\/\/schema.org\/ImageObject\" ><div class=\"avia-image-container-inner\"><div class=\"avia-image-overlay-wrap\"><img decoding=\"async\" fetchpriority=\"high\" class='wp-image-4228 avia-img-lazy-loading-not-4228 avia_image ' src=\"https:\/\/lahalleauxfleurs.eu\/wp-content\/uploads\/2013\/04\/LHAF4a-300x200.jpg\" alt='' title='LHAF4a'  height=\"200\" width=\"300\"  itemprop=\"thumbnailUrl\" srcset=\"https:\/\/lahalleauxfleurs.eu\/wp-content\/uploads\/2013\/04\/LHAF4a-300x200.jpg 300w, https:\/\/lahalleauxfleurs.eu\/wp-content\/uploads\/2013\/04\/LHAF4a-768x512.jpg 768w, https:\/\/lahalleauxfleurs.eu\/wp-content\/uploads\/2013\/04\/LHAF4a-1030x686.jpg 1030w, https:\/\/lahalleauxfleurs.eu\/wp-content\/uploads\/2013\/04\/LHAF4a-1500x1000.jpg 1500w, https:\/\/lahalleauxfleurs.eu\/wp-content\/uploads\/2013\/04\/LHAF4a-705x470.jpg 705w, https:\/\/lahalleauxfleurs.eu\/wp-content\/uploads\/2013\/04\/LHAF4a-450x300.jpg 450w, https:\/\/lahalleauxfleurs.eu\/wp-content\/uploads\/2013\/04\/LHAF4a.jpg 2048w\" sizes=\"(max-width: 300px) 100vw, 300px\" \/><\/div><\/div><\/div><br \/>\n\n<style type=\"text\/css\" data-created_by=\"avia_inline_auto\" id=\"style-css-av-juy6q96m-5eff08a7481c2ba782c20f68a045795a\">\n#top .av_textblock_section.av-juy6q96m-5eff08a7481c2ba782c20f68a045795a .avia_textblock{\nfont-size:15px;\n}\n<\/style>\n<section  class='av_textblock_section av-juy6q96m-5eff08a7481c2ba782c20f68a045795a '   itemscope=\"itemscope\" itemtype=\"https:\/\/schema.org\/CreativeWork\" ><div class='avia_textblock'  itemprop=\"text\" ><p><strong>LA HALLE AUX FLEURS<br \/>\n<\/strong>Rochefort Centre<br \/>\n44, rue Audry de Puyravault<br \/>\n17300 Rochefort<br \/>\n<strong>T\u00e9l. 05 46 88 29 04<\/strong><\/p>\n<\/div><\/section><\/p><\/div>\n\n<style type=\"text\/css\" data-created_by=\"avia_inline_auto\" id=\"style-css-av-42imri-9f41be14f795edb3da493a86bfa0cb83\">\n.flex_column.av-42imri-9f41be14f795edb3da493a86bfa0cb83{\nborder-radius:0px 0px 0px 0px;\npadding:0px 0px 0px 0px;\n}\n<\/style>\n<div  class='flex_column av-42imri-9f41be14f795edb3da493a86bfa0cb83 av_one_fourth  avia-builder-el-13  el_after_av_one_fourth  el_before_av_one_fourth  first flex_column_div av-zero-column-padding  column-top-margin'     ><\/div>\n\n<style type=\"text\/css\" data-created_by=\"avia_inline_auto\" id=\"style-css-av-4y08y6-a2b4af735f6f9e18f676d6e4bd666ee1\">\n.flex_column.av-4y08y6-a2b4af735f6f9e18f676d6e4bd666ee1{\nborder-radius:0px 0px 0px 0px;\npadding:0px 0px 0px 0px;\n}\n<\/style>\n<div  class='flex_column av-4y08y6-a2b4af735f6f9e18f676d6e4bd666ee1 av_one_fourth  avia-builder-el-14  el_after_av_one_fourth  el_before_av_one_fourth  flex_column_div av-zero-column-padding  column-top-margin'     ><p>\n<style type=\"text\/css\" data-created_by=\"avia_inline_auto\" id=\"style-css-av-juy7268d-6fac10034cf19f5f1cd2f13d8b0636aa\">\n.avia-image-container.av-juy7268d-6fac10034cf19f5f1cd2f13d8b0636aa img.avia_image{\nbox-shadow:none;\n}\n.avia-image-container.av-juy7268d-6fac10034cf19f5f1cd2f13d8b0636aa .av-image-caption-overlay-center{\ncolor:#ffffff;\n}\n<\/style>\n<div  class='avia-image-container av-juy7268d-6fac10034cf19f5f1cd2f13d8b0636aa av-styling- avia-align-center  avia-builder-el-15  el_before_av_textblock  avia-builder-el-first '   itemprop=\"image\" itemscope=\"itemscope\" itemtype=\"https:\/\/schema.org\/ImageObject\" ><div class=\"avia-image-container-inner\"><div class=\"avia-image-overlay-wrap\"><img decoding=\"async\" fetchpriority=\"high\" class='wp-image-3381 avia-img-lazy-loading-not-3381 avia_image ' src=\"https:\/\/lahalleauxfleurs.eu\/wp-content\/uploads\/2016\/06\/LHAF5-300x200.jpg\" alt='' title='LHAF5'  height=\"200\" width=\"300\"  itemprop=\"thumbnailUrl\" srcset=\"https:\/\/lahalleauxfleurs.eu\/wp-content\/uploads\/2016\/06\/LHAF5-300x200.jpg 300w, https:\/\/lahalleauxfleurs.eu\/wp-content\/uploads\/2016\/06\/LHAF5-768x512.jpg 768w, https:\/\/lahalleauxfleurs.eu\/wp-content\/uploads\/2016\/06\/LHAF5-1030x686.jpg 1030w, https:\/\/lahalleauxfleurs.eu\/wp-content\/uploads\/2016\/06\/LHAF5-1500x1000.jpg 1500w, https:\/\/lahalleauxfleurs.eu\/wp-content\/uploads\/2016\/06\/LHAF5-705x470.jpg 705w, https:\/\/lahalleauxfleurs.eu\/wp-content\/uploads\/2016\/06\/LHAF5-450x300.jpg 450w, https:\/\/lahalleauxfleurs.eu\/wp-content\/uploads\/2016\/06\/LHAF5.jpg 2048w\" sizes=\"(max-width: 300px) 100vw, 300px\" \/><\/div><\/div><\/div><br \/>\n\n<style type=\"text\/css\" data-created_by=\"avia_inline_auto\" id=\"style-css-av-juy6q96m-5eff08a7481c2ba782c20f68a045795a\">\n#top .av_textblock_section.av-juy6q96m-5eff08a7481c2ba782c20f68a045795a .avia_textblock{\nfont-size:15px;\n}\n<\/style>\n<section  class='av_textblock_section av-juy6q96m-5eff08a7481c2ba782c20f68a045795a '   itemscope=\"itemscope\" itemtype=\"https:\/\/schema.org\/CreativeWork\" ><div class='avia_textblock'  itemprop=\"text\" ><p><strong>LA HALLE AUX FLEURS<br \/>\n<\/strong>Royan Nord<br \/>\nFace \u00e0 Banette et PulpiFruits<br \/>\nRoute de Rochefort<br \/>\n17200 Royan<br \/>\n<strong>T\u00e9l. 05 46 22 81 20<\/strong><\/p>\n<\/div><\/section><\/p><\/div>\n\n<style type=\"text\/css\" data-created_by=\"avia_inline_auto\" id=\"style-css-av-2vua4e-cb85fef4c3ea989282beaf1febd040ef\">\n.flex_column.av-2vua4e-cb85fef4c3ea989282beaf1febd040ef{\nborder-radius:0px 0px 0px 0px;\npadding:0px 0px 0px 0px;\n}\n<\/style>\n<div  class='flex_column av-2vua4e-cb85fef4c3ea989282beaf1febd040ef av_one_fourth  avia-builder-el-17  el_after_av_one_fourth  el_before_av_one_fourth  flex_column_div av-zero-column-padding  column-top-margin'     ><p>\n<style type=\"text\/css\" data-created_by=\"avia_inline_auto\" id=\"style-css-av-juy700ig-6e36b6bf6e07d19c6be1bb0d2d457115\">\n.avia-image-container.av-juy700ig-6e36b6bf6e07d19c6be1bb0d2d457115 img.avia_image{\nbox-shadow:none;\n}\n.avia-image-container.av-juy700ig-6e36b6bf6e07d19c6be1bb0d2d457115 .av-image-caption-overlay-center{\ncolor:#ffffff;\n}\n<\/style>\n<div  class='avia-image-container av-juy700ig-6e36b6bf6e07d19c6be1bb0d2d457115 av-styling- avia-align-center  avia-builder-el-18  el_before_av_textblock  avia-builder-el-first '   itemprop=\"image\" itemscope=\"itemscope\" itemtype=\"https:\/\/schema.org\/ImageObject\" ><div class=\"avia-image-container-inner\"><div class=\"avia-image-overlay-wrap\"><img decoding=\"async\" fetchpriority=\"high\" class='wp-image-3944 avia-img-lazy-loading-not-3944 avia_image ' src=\"https:\/\/lahalleauxfleurs.eu\/wp-content\/uploads\/2013\/04\/LHAF6-300x200.jpg\" alt='' title='LHAF6'  height=\"200\" width=\"300\"  itemprop=\"thumbnailUrl\" srcset=\"https:\/\/lahalleauxfleurs.eu\/wp-content\/uploads\/2013\/04\/LHAF6-300x200.jpg 300w, https:\/\/lahalleauxfleurs.eu\/wp-content\/uploads\/2013\/04\/LHAF6-768x512.jpg 768w, https:\/\/lahalleauxfleurs.eu\/wp-content\/uploads\/2013\/04\/LHAF6-1030x686.jpg 1030w, https:\/\/lahalleauxfleurs.eu\/wp-content\/uploads\/2013\/04\/LHAF6-1500x1000.jpg 1500w, https:\/\/lahalleauxfleurs.eu\/wp-content\/uploads\/2013\/04\/LHAF6-705x470.jpg 705w, https:\/\/lahalleauxfleurs.eu\/wp-content\/uploads\/2013\/04\/LHAF6-450x300.jpg 450w, https:\/\/lahalleauxfleurs.eu\/wp-content\/uploads\/2013\/04\/LHAF6.jpg 2048w\" sizes=\"(max-width: 300px) 100vw, 300px\" \/><\/div><\/div><\/div><br \/>\n\n<style type=\"text\/css\" data-created_by=\"avia_inline_auto\" id=\"style-css-av-juy6q96m-5eff08a7481c2ba782c20f68a045795a\">\n#top .av_textblock_section.av-juy6q96m-5eff08a7481c2ba782c20f68a045795a .avia_textblock{\nfont-size:15px;\n}\n<\/style>\n<section  class='av_textblock_section av-juy6q96m-5eff08a7481c2ba782c20f68a045795a '   itemscope=\"itemscope\" itemtype=\"https:\/\/schema.org\/CreativeWork\" ><div class='avia_textblock'  itemprop=\"text\" ><p><strong>LA HALLE AUX FLEURS<br \/>\n<\/strong>La Roche sur Yon &#8211; Nord<br \/>\n\u00c0 c\u00f4t\u00e9 du march\u00e9 Bio de L\u00e9opold<br \/>\n85, ave Ali\u00e9nor d&rsquo;Aquitaine<br \/>\n85000 La Roche sur Yon<br \/>\n<strong>T\u00e9l. 02 51 41 32 06<\/strong><\/p>\n<\/div><\/section><\/p><\/div>\n\n<style type=\"text\/css\" data-created_by=\"avia_inline_auto\" id=\"style-css-av-bqy9q-abc58a1be330e6eda6c6dc1294451775\">\n.flex_column.av-bqy9q-abc58a1be330e6eda6c6dc1294451775{\nborder-radius:0px 0px 0px 0px;\npadding:0px 0px 0px 0px;\n}\n<\/style>\n<div  class='flex_column av-bqy9q-abc58a1be330e6eda6c6dc1294451775 av_one_fourth  avia-builder-el-20  el_after_av_one_fourth  el_before_av_hr  flex_column_div av-zero-column-padding  column-top-margin'     ><\/div>\n<div  class='hr av-e1ol5q-630159104f9a765cc4ec5c9e9d0dede9 hr-short  avia-builder-el-21  el_after_av_one_fourth  el_before_av_contact  hr-center'><span class='hr-inner '><span class=\"hr-inner-style\"><\/span><\/span><\/div>\n<form action=\"https:\/\/lahalleauxfleurs.eu\/?page_id=3246\" method=\"post\" data-fields-with-error=\"Erreurs trouv\u00e9es dans les champs suivants :\" class=\"avia_ajax_form av-form-labels-visible   avia-builder-el-22  el_after_av_hr  avia-builder-el-last   \" data-avia-form-id=\"1\" data-avia-redirect='' ><h3 class=''>Envoyez-nous un email<\/h3><fieldset><p class='  first_form  form_element form_fullwidth' id='element_avia_1_1'><label for=\"avia_1_1\">Nom <abbr class=\"required\" title=\"requis(e)\">*<\/abbr><\/label> <input name=\"avia_1_1\" class=\"text_input is_empty\" type=\"text\" id=\"avia_1_1\" value=\"\" \/><\/p><p class='  first_form  form_element form_fullwidth' id='element_avia_2_1'><label for=\"avia_2_1\">Adresse mail <abbr class=\"required\" title=\"requis(e)\">*<\/abbr><\/label> <input name=\"avia_2_1\" class=\"text_input is_email\" type=\"text\" id=\"avia_2_1\" value=\"\" \/><\/p><p class='  first_form  form_element form_fullwidth' id='element_avia_3_1'><label for=\"avia_3_1\">Sujet <abbr class=\"required\" title=\"requis(e)\">*<\/abbr><\/label> <input name=\"avia_3_1\" class=\"text_input is_empty\" type=\"text\" id=\"avia_3_1\" value=\"\" \/><\/p><p class='  first_form  form_element form_fullwidth av-last-visible-form-element' id='element_avia_4_1'><label for=\"avia_4_1\" class=\"textare_label hidden textare_label_avia_4_1\">Message <abbr class=\"required\" title=\"requis(e)\">*<\/abbr><\/label><textarea  name=\"avia_4_1\" class=\"text_area is_empty\" cols=\"40\" rows=\"7\" id=\"avia_4_1\" ><\/textarea><\/p><p class=\"hidden\"><input type=\"text\" name=\"avia_5_1\" class=\"hidden \" id=\"avia_5_1\" value=\"\" \/><\/p><p class=\"form_element \"><input type=\"hidden\" value=\"1\" name=\"avia_generated_form1\" \/><input type=\"submit\" value=\"Valider\" class=\"button\"  data-sending-label=\"Envoi\"\/><\/p><\/fieldset><\/form><div id=\"ajaxresponse_1\" class=\"ajaxresponse ajaxresponse_1 hidden\"><\/div>\n","protected":false},"excerpt":{"rendered":"","protected":false},"author":1,"featured_media":0,"parent":0,"menu_order":0,"comment_status":"closed","ping_status":"closed","template":"","meta":{"footnotes":""},"class_list":["post-3246","page","type-page","status-publish","hentry"],"_links":{"self":[{"href":"https:\/\/lahalleauxfleurs.eu\/index.php?rest_route=\/wp\/v2\/pages\/3246","targetHints":{"allow":["GET"]}}],"collection":[{"href":"https:\/\/lahalleauxfleurs.eu\/index.php?rest_route=\/wp\/v2\/pages"}],"about":[{"href":"https:\/\/lahalleauxfleurs.eu\/index.php?rest_route=\/wp\/v2\/types\/page"}],"author":[{"embeddable":true,"href":"https:\/\/lahalleauxfleurs.eu\/index.php?rest_route=\/wp\/v2\/users\/1"}],"replies":[{"embeddable":true,"href":"https:\/\/lahalleauxfleurs.eu\/index.php?rest_route=%2Fwp%2Fv2%2Fcomments&post=3246"}],"version-history":[{"count":8,"href":"https:\/\/lahalleauxfleurs.eu\/index.php?rest_route=\/wp\/v2\/pages\/3246\/revisions"}],"predecessor-version":[{"id":7822,"href":"https:\/\/lahalleauxfleurs.eu\/index.php?rest_route=\/wp\/v2\/pages\/3246\/revisions\/7822"}],"wp:attachment":[{"href":"https:\/\/lahalleauxfleurs.eu\/index.php?rest_route=%2Fwp%2Fv2%2Fmedia&parent=3246"}],"curies":[{"name":"wp","href":"https:\/\/api.w.org\/{rel}","templated":true}]}}