{"id":2632,"date":"2013-10-21T16:04:47","date_gmt":"2013-10-21T16:04:47","guid":{"rendered":"http:\/\/www.kriesi.at\/themes\/enfold\/?page_id=2632"},"modified":"2026-03-30T10:57:05","modified_gmt":"2026-03-30T09:57:05","slug":"masonry-portfolio","status":"publish","type":"page","link":"https:\/\/lahalleauxfleurs.eu\/?page_id=2632","title":{"rendered":"Collection du moment"},"content":{"rendered":"\n<style type=\"text\/css\" data-created_by=\"avia_inline_auto\" id=\"style-css-av-1zzm6-0a78eff3ec11e76a497c576b93ec889f\">\n.flex_column.av-1zzm6-0a78eff3ec11e76a497c576b93ec889f{\nborder-radius:0px 0px 0px 0px;\npadding:0px 0px 0px 0px;\n}\n<\/style>\n<div  class='flex_column av-1zzm6-0a78eff3ec11e76a497c576b93ec889f av_one_full  avia-builder-el-0  avia-builder-el-no-sibling  first flex_column_div av-zero-column-padding  '     ><section  class='av_textblock_section av-k48r2lms-d259860653721c6f058060f3f3cc81f0 '   itemscope=\"itemscope\" itemtype=\"https:\/\/schema.org\/CreativeWork\" ><div class='avia_textblock'  itemprop=\"text\" ><h2 style=\"text-align: center;\">COLLECTION F\u00caTES DES P\u00c2QUES 2026<\/h2>\n<\/div><\/section><br \/>\n<div  class='hr av-dpo66-37cf7ce25430a01e9cd0e5de9321cc94 hr-short  avia-builder-el-2  el_after_av_textblock  el_before_av_textblock  hr-center'><span class='hr-inner '><span class=\"hr-inner-style\"><\/span><\/span><\/div><br \/>\n<section  class='av_textblock_section av-k48r3cw4-e9bba661c3c50b53eb275b3511b33a13 '   itemscope=\"itemscope\" itemtype=\"https:\/\/schema.org\/CreativeWork\" ><div class='avia_textblock'  itemprop=\"text\" ><p style=\"text-align: center;\">\n<p style=\"text-align: center;\">Nos \u00e9quipes vous pr\u00e9parent des collections de compositions et bouquets<br \/>\n\u00e0 offrir \u00e0 l&rsquo;occasion de P\u00e2ques\u00a0:<br \/>\nTENDANCE, TRADITIONNEL ou CHIC.<\/p>\n<p style=\"text-align: center;\">Venez les d\u00e9couvrir en magasin<br \/>\nou sur nos sites Facebook, Instagram<br \/>\n\u00c0 tr\u00e8s vite&#8230;<\/p>\n<p style=\"text-align: center;\">Coordonn\u00e9es de nos magasins dans la rubrique \u00ab\u00a0<em><strong>Nos points de vente<\/strong><\/em>\u00ab\u00a0<\/p>\n<\/div><\/section><br \/>\n\n<style type=\"text\/css\" data-created_by=\"avia_inline_auto\" id=\"style-css-av-9zfly-77301ba67240fbd8fbb98d63df8554b7\">\n#top .hr.hr-invisible.av-9zfly-77301ba67240fbd8fbb98d63df8554b7{\nheight:40px;\n}\n<\/style>\n<div  class='hr av-9zfly-77301ba67240fbd8fbb98d63df8554b7 hr-invisible  avia-builder-el-4  el_after_av_textblock  el_before_av_masonry_entries  avia-builder-el-last '><span class='hr-inner '><span class=\"hr-inner-style\"><\/span><\/span><\/div><br \/>\n<div id='av-masonry-1' class='av-masonry av-k48r3lqx-bb6b7fb90aae4613fdbc4c0c30e28e4e noHover av-fixed-size av-no-gap av-hover-overlay-active av-masonry-animation-active av-masonry-col-6 av-caption-on-hover av-caption-style- av-masonry-entries ' data-post_id=\"2632\"><div class=\"av-masonry-container isotope av-js-disabled\"><div class='av-masonry-entry isotope-item av-masonry-item-no-image '><\/div><a href=\"https:\/\/lahalleauxfleurs.eu\/?portfolio=niort-centre\"  id='av-masonry-1-item-7596' data-av-masonry-item='7596' class='av-masonry-entry isotope-item post-7596 portfolio type-portfolio status-publish has-post-thumbnail hentry portfolio_entries-niort-centre  av-masonry-item-with-image av-grid-img' title=\"IMG_20260327_091011\"   itemscope=\"itemscope\" itemtype=\"https:\/\/schema.org\/CreativeWork\" ><div class='av-inner-masonry-sizer'><\/div><figure class='av-inner-masonry main_color'><div class=\"av-masonry-outerimage-container\"><div class='av-masonry-image-container' style=\"background-image: url(https:\/\/lahalleauxfleurs.eu\/wp-content\/uploads\/2025\/12\/IMG_20260327_091011-705x705.png);\"  title=\"IMG_20260327_091011\" ><\/div><\/div><figcaption class='av-inner-masonry-content site-background'><div class='av-inner-masonry-content-pos'><div class='av-inner-masonry-content-pos-content'><div class='avia-arrow'><\/div><h3 class='av-masonry-entry-title entry-title '  itemprop=\"headline\" >NIORT CENTRE<\/h3><\/div><\/div><\/figcaption><\/figure><\/a><!--end av-masonry entry--><a href=\"https:\/\/lahalleauxfleurs.eu\/?portfolio=royan\"  id='av-masonry-1-item-3402' data-av-masonry-item='3402' class='av-masonry-entry isotope-item post-3402 portfolio type-portfolio status-publish has-post-thumbnail hentry portfolio_entries-royan  av-masonry-item-with-image av-grid-img' title=\"PAQUES 1 2026\"   itemscope=\"itemscope\" itemtype=\"https:\/\/schema.org\/CreativeWork\" ><div class='av-inner-masonry-sizer'><\/div><figure class='av-inner-masonry main_color'><div class=\"av-masonry-outerimage-container\"><div class='av-masonry-image-container' style=\"background-image: url(https:\/\/lahalleauxfleurs.eu\/wp-content\/uploads\/2016\/06\/PAQUES-1-2026-316x705.png);\"  title=\"PAQUES 1 2026\" ><\/div><\/div><figcaption class='av-inner-masonry-content site-background'><div class='av-inner-masonry-content-pos'><div class='av-inner-masonry-content-pos-content'><div class='avia-arrow'><\/div><h3 class='av-masonry-entry-title entry-title '  itemprop=\"headline\" >ROYAN<\/h3><\/div><\/div><\/figcaption><\/figure><\/a><!--end av-masonry entry--><a href=\"https:\/\/lahalleauxfleurs.eu\/?portfolio=rochefort\"  id='av-masonry-1-item-3392' data-av-masonry-item='3392' class='av-masonry-entry isotope-item post-3392 portfolio type-portfolio status-publish has-post-thumbnail hentry portfolio_entries-rochefort  av-masonry-item-with-image av-grid-img' title=\"2 (2)\"   itemscope=\"itemscope\" itemtype=\"https:\/\/schema.org\/CreativeWork\" ><div class='av-inner-masonry-sizer'><\/div><figure class='av-inner-masonry main_color'><div class=\"av-masonry-outerimage-container\"><div class='av-masonry-image-container' style=\"background-image: url(https:\/\/lahalleauxfleurs.eu\/wp-content\/uploads\/2016\/06\/2-2-529x705.png);\"  title=\"2 (2)\" ><\/div><\/div><figcaption class='av-inner-masonry-content site-background'><div class='av-inner-masonry-content-pos'><div class='av-inner-masonry-content-pos-content'><div class='avia-arrow'><\/div><h3 class='av-masonry-entry-title entry-title '  itemprop=\"headline\" >ROCHEFORT<\/h3><\/div><\/div><\/figcaption><\/figure><\/a><!--end av-masonry entry--><a href=\"https:\/\/lahalleauxfleurs.eu\/?portfolio=gond-pontouvre\"  id='av-masonry-1-item-3364' data-av-masonry-item='3364' class='av-masonry-entry isotope-item post-3364 portfolio type-portfolio status-publish has-post-thumbnail hentry portfolio_entries-gond-pontouvre  av-masonry-item-with-image av-grid-img' title=\"IMG_0637\"   itemscope=\"itemscope\" itemtype=\"https:\/\/schema.org\/CreativeWork\" ><div class='av-inner-masonry-sizer'><\/div><figure class='av-inner-masonry main_color'><div class=\"av-masonry-outerimage-container\"><div class='av-masonry-image-container' style=\"background-image: url(https:\/\/lahalleauxfleurs.eu\/wp-content\/uploads\/2016\/06\/IMG_0637-529x705.jpeg);\"  title=\"IMG_0637\" ><\/div><\/div><figcaption class='av-inner-masonry-content site-background'><div class='av-inner-masonry-content-pos'><div class='av-inner-masonry-content-pos-content'><div class='avia-arrow'><\/div><h3 class='av-masonry-entry-title entry-title '  itemprop=\"headline\" >ANGOUL\u00caME (Gond-Pontouvre)<\/h3><\/div><\/div><\/figcaption><\/figure><\/a><!--end av-masonry entry--><a href=\"https:\/\/lahalleauxfleurs.eu\/?portfolio=niort-est\"  id='av-masonry-1-item-3354' data-av-masonry-item='3354' class='av-masonry-entry isotope-item post-3354 portfolio type-portfolio status-publish has-post-thumbnail hentry portfolio_entries-niort-est  av-masonry-item-with-image av-grid-img' title=\"1774628353609\"   itemscope=\"itemscope\" itemtype=\"https:\/\/schema.org\/CreativeWork\" ><div class='av-inner-masonry-sizer'><\/div><figure class='av-inner-masonry main_color'><div class=\"av-masonry-outerimage-container\"><div class='av-masonry-image-container' style=\"background-image: url(https:\/\/lahalleauxfleurs.eu\/wp-content\/uploads\/2016\/06\/1774628353609-529x705.jpg);\"  title=\"1774628353609\" ><\/div><\/div><figcaption class='av-inner-masonry-content site-background'><div class='av-inner-masonry-content-pos'><div class='av-inner-masonry-content-pos-content'><div class='avia-arrow'><\/div><h3 class='av-masonry-entry-title entry-title '  itemprop=\"headline\" >NIORT EST<\/h3><\/div><\/div><\/figcaption><\/figure><\/a><!--end av-masonry entry--><\/div><\/div><\/p><\/div>\n","protected":false},"excerpt":{"rendered":"","protected":false},"author":1,"featured_media":0,"parent":0,"menu_order":0,"comment_status":"open","ping_status":"open","template":"","meta":{"footnotes":""},"class_list":["post-2632","page","type-page","status-publish","hentry"],"_links":{"self":[{"href":"https:\/\/lahalleauxfleurs.eu\/index.php?rest_route=\/wp\/v2\/pages\/2632","targetHints":{"allow":["GET"]}}],"collection":[{"href":"https:\/\/lahalleauxfleurs.eu\/index.php?rest_route=\/wp\/v2\/pages"}],"about":[{"href":"https:\/\/lahalleauxfleurs.eu\/index.php?rest_route=\/wp\/v2\/types\/page"}],"author":[{"embeddable":true,"href":"https:\/\/lahalleauxfleurs.eu\/index.php?rest_route=\/wp\/v2\/users\/1"}],"replies":[{"embeddable":true,"href":"https:\/\/lahalleauxfleurs.eu\/index.php?rest_route=%2Fwp%2Fv2%2Fcomments&post=2632"}],"version-history":[{"count":206,"href":"https:\/\/lahalleauxfleurs.eu\/index.php?rest_route=\/wp\/v2\/pages\/2632\/revisions"}],"predecessor-version":[{"id":7827,"href":"https:\/\/lahalleauxfleurs.eu\/index.php?rest_route=\/wp\/v2\/pages\/2632\/revisions\/7827"}],"wp:attachment":[{"href":"https:\/\/lahalleauxfleurs.eu\/index.php?rest_route=%2Fwp%2Fv2%2Fmedia&parent=2632"}],"curies":[{"name":"wp","href":"https:\/\/api.w.org\/{rel}","templated":true}]}}