{"id":1212,"date":"2013-04-05T17:05:24","date_gmt":"2013-04-05T17:05:24","guid":{"rendered":"http:\/\/www.kriesi.at\/themes\/enfold\/?page_id=1212"},"modified":"2018-10-17T19:09:19","modified_gmt":"2018-10-17T18:09:19","slug":"team","status":"publish","type":"page","link":"https:\/\/lahalleauxfleurs.eu\/?page_id=1212","title":{"rendered":"RECRUTEMENT"},"content":{"rendered":"<section  class='av_textblock_section av-av_textblock-396ddf1f42196ca838231e61a4602801 '   itemscope=\"itemscope\" itemtype=\"https:\/\/schema.org\/CreativeWork\" ><div class='avia_textblock'  itemprop=\"text\" ><h2 style=\"text-align: center;\">RECRUTEMENT<\/h2>\n<\/div><\/section>\n<div  class='hr av-av_hr-c69e1af1bad63c3964cc522caf796498 hr-short  avia-builder-el-1  el_after_av_textblock  el_before_av_promobox  hr-center'><span class='hr-inner '><span class=\"hr-inner-style\"><\/span><\/span><\/div>\n<div  class='av_promobox av-av_promobox-1f3f8a18c4989e987c8a5d581229f8e7 avia-button-yes  avia-builder-el-2  el_after_av_hr  el_before_av_one_third '><div class='avia-promocontent'><p>\nD\u00e9posez votre candidature\u00a0en mentionnant l&rsquo;intitul\u00e9 de l&rsquo;offre<\/p>\n<\/div><div  class='avia-button-wrap av-av_button-807240f4fa042f58ee8223049f68f39b-wrap avia-button-right '><a href='mailto:p.adam92@free.fr'  class='avia-button av-av_button-807240f4fa042f58ee8223049f68f39b av-link-btn avia-icon_select-yes-left-icon avia-size-large avia-position-right avia-color-theme-color'   aria-label=\"Contact recrutement\"><span class='avia_button_icon avia_button_icon_left avia-iconfont avia-font-entypo-fontello' data-av_icon='' data-av_iconfont='entypo-fontello' ><\/span><span class='avia_iconbox_title' >Contact recrutement<\/span><\/a><\/div><\/div>\n\n<style type=\"text\/css\" data-created_by=\"avia_inline_auto\" id=\"style-css-av-av_one_third-6126cab7d8fab8d08143dd2dacdf673c\">\n.flex_column.av-av_one_third-6126cab7d8fab8d08143dd2dacdf673c{\nborder-radius:0px 0px 0px 0px;\npadding:0px 0px 0px 0px;\n}\n<\/style>\n<div  class='flex_column av-av_one_third-6126cab7d8fab8d08143dd2dacdf673c av_one_third  avia-builder-el-3  el_after_av_promobox  el_before_av_one_third  first flex_column_div av-zero-column-padding  '     ><section  class='avia-team-member av-av_team_member-0cd4c6b87eb523aa83c429c0bb19329e  avia-builder-el-4  avia-builder-el-no-sibling '  itemscope=\"itemscope\" itemtype=\"https:\/\/schema.org\/Person\" ><div class=\"team-img-container\"><img decoding=\"async\" fetchpriority=\"high\" class='wp-image-3437 avia-img-lazy-loading-not-3437 avia_image avia_image_team' src=\"https:\/\/lahalleauxfleurs.eu\/wp-content\/uploads\/2016\/06\/LOGO_La-halle-aux-fleurs_PURPLE_SEPT-2012.png\" alt='FLEURISTE - (H\/F)'  itemprop=\"image\"   height=\"426\" width=\"596\" srcset=\"https:\/\/lahalleauxfleurs.eu\/wp-content\/uploads\/2016\/06\/LOGO_La-halle-aux-fleurs_PURPLE_SEPT-2012.png 596w, https:\/\/lahalleauxfleurs.eu\/wp-content\/uploads\/2016\/06\/LOGO_La-halle-aux-fleurs_PURPLE_SEPT-2012-300x214.png 300w, https:\/\/lahalleauxfleurs.eu\/wp-content\/uploads\/2016\/06\/LOGO_La-halle-aux-fleurs_PURPLE_SEPT-2012-260x185.png 260w, https:\/\/lahalleauxfleurs.eu\/wp-content\/uploads\/2016\/06\/LOGO_La-halle-aux-fleurs_PURPLE_SEPT-2012-450x322.png 450w\" sizes=\"(max-width: 596px) 100vw, 596px\" \/><div class=\"team-social\"><div class=\"team-social-inner\"><span class='hidden av_member_url_markup facebook'  itemprop=\"url\" >https:\/\/www.facebook.com\/lahalleauxfleurs\/<\/span><a href='https:\/\/www.facebook.com\/lahalleauxfleurs\/' class='avia-team-icon av-av_team_icon-6468f8fe02b69a678d8071d8bee1fe76 facebook avia-iconfont avia-font-entypo-fontello' rel='v:url' data-avia-tooltip=\"La halle aux fleurs\"  data-av_icon='' data-av_iconfont='entypo-fontello' ><\/a><\/div><\/div><\/div><h3 class='team-member-name '  itemprop=\"name\" >FLEURISTE - (H\/F)<\/h3><div class='team-member-job-title '  itemprop=\"jobTitle\" >QUALIFIE(E). CDI\/CDD 35 heures hebdomadaires<\/div><div class='team-member-description '  itemprop=\"description\" ><p>MISSION : sous l\u2018autorit\u00e9 de la Responsable de Magasin, vous appliquez les proc\u00e9dures du point de vente. Vous faites les ouvertures et les fermetures, l\u2019encaissement, la vente et le conseil, les arrivages, l\u2018entretien du magasin, le merchandising et vous participez \u00e0 la confection d\u2019Art floral (bouqueterie, compositions piqu\u00e9es, c\u00e9r\u00e9monies, \u00e9v\u00e9nementiels). Vous vous impliquez avec l\u2019\u00e9quipe, dans la fid\u00e9lisation de la client\u00e8le en apportant votre savoir-faire et votre passion du V\u00e9g\u00e9tal.<br \/>\nPROFIL : vous avez imp\u00e9rativement un CAP et\/ou BP fleuriste et une exp\u00e9rience d\u2018au moins 3 mois, au sein d\u2019un libre-service de fleurs en r\u00e9seau, d\u2018un point de vente de la distribution ou chez un ind\u00e9pendant. Outre votre professionnalisme, c\u2019est votre personnalit\u00e9 g\u00e9n\u00e9reuse, simple, commer\u00e7ante et positive qui saura nous convaincre.<br \/>\nR\u00c9MUN\u00c9RATION : \u00e0 n\u00e9gocier en fonction de l\u2019exp\u00e9rience + primes mensuelles.<br \/>\nSi vous \u00eates int\u00e9ress\u00e9(e), merci de faire parvenir votre dossier (CV et lettre de motivation)<\/p>\n<\/div><span class='hidden team-member-affiliation'  itemprop=\"affiliation\" >LA HALLE AUX FLEURS<\/span><\/section><\/div>\n\n<style type=\"text\/css\" data-created_by=\"avia_inline_auto\" id=\"style-css-av-av_one_third-0aa7055fe62c3622faec82866afbaeb2\">\n.flex_column.av-av_one_third-0aa7055fe62c3622faec82866afbaeb2{\nborder-radius:0px 0px 0px 0px;\npadding:0px 0px 0px 0px;\n}\n<\/style>\n<div  class='flex_column av-av_one_third-0aa7055fe62c3622faec82866afbaeb2 av_one_third  avia-builder-el-5  el_after_av_one_third  el_before_av_one_third  flex_column_div av-zero-column-padding  '     ><section  class='avia-team-member av-av_team_member-d547c1acdb4d070f25c8c82ba92919b7  avia-builder-el-6  avia-builder-el-no-sibling '  itemscope=\"itemscope\" itemtype=\"https:\/\/schema.org\/Person\" ><div class=\"team-img-container\"><img decoding=\"async\" fetchpriority=\"high\" class='wp-image-3437 avia-img-lazy-loading-not-3437 avia_image avia_image_team' src=\"https:\/\/lahalleauxfleurs.eu\/wp-content\/uploads\/2016\/06\/LOGO_La-halle-aux-fleurs_PURPLE_SEPT-2012.png\" alt='FLEURISTE \/ RESPONSABLE ADJOINT(E) - (H\/F)'  itemprop=\"image\"   height=\"426\" width=\"596\" srcset=\"https:\/\/lahalleauxfleurs.eu\/wp-content\/uploads\/2016\/06\/LOGO_La-halle-aux-fleurs_PURPLE_SEPT-2012.png 596w, https:\/\/lahalleauxfleurs.eu\/wp-content\/uploads\/2016\/06\/LOGO_La-halle-aux-fleurs_PURPLE_SEPT-2012-300x214.png 300w, https:\/\/lahalleauxfleurs.eu\/wp-content\/uploads\/2016\/06\/LOGO_La-halle-aux-fleurs_PURPLE_SEPT-2012-260x185.png 260w, https:\/\/lahalleauxfleurs.eu\/wp-content\/uploads\/2016\/06\/LOGO_La-halle-aux-fleurs_PURPLE_SEPT-2012-450x322.png 450w\" sizes=\"(max-width: 596px) 100vw, 596px\" \/><div class=\"team-social\"><div class=\"team-social-inner\"><span class='hidden av_member_url_markup facebook'  itemprop=\"url\" >https:\/\/www.facebook.com\/lahalleauxfleurs\/<\/span><a href='https:\/\/www.facebook.com\/lahalleauxfleurs\/' class='avia-team-icon av-av_team_icon-6468f8fe02b69a678d8071d8bee1fe76 facebook avia-iconfont avia-font-entypo-fontello' rel='v:url' data-avia-tooltip=\"La halle aux fleurs\"  data-av_icon='' data-av_iconfont='entypo-fontello' ><\/a><\/div><\/div><\/div><h3 class='team-member-name '  itemprop=\"name\" >FLEURISTE \/ RESPONSABLE ADJOINT(E) - (H\/F)<\/h3><div class='team-member-job-title '  itemprop=\"jobTitle\" >QUALIFIE(E). CDI 35 heures hebdomadaires.<\/div><div class='team-member-description '  itemprop=\"description\" ><p>MISSION : Sous l\u2018autorit\u00e9 du ou de la Responsable de magasin, vous vous impliquez dans la r\u00e9alisation des objectifs de chiffre d\u2019affaires et de la marge. Pour cela, vous animez une \u00e9quipe de fleuristes et apprenti(e)s que vous accompagnez et formez au quotidien dans les proc\u00e9dures et en art-floral. Outre les ouvertures et fermetures pour lesquelles vous appliquez et faites appliquer les check-list, vous avez en charge en l\u2018absence du ou de la Responsable, du management de l\u2019\u00e9quipe, des commandes, des encaissements\/remises en banque, du planning de livraison, du merchandising, de la d\u00e9termination des prix de vente, de l\u2019entretien des v\u00e9g\u00e9taux et de la bonne tenue du point de vente.<br \/>\nPROFIL : vous avez un CAP ou un BP\/BM Fleuriste et une exp\u00e9rience significative (avec autonomie) dans le m\u00e9tier. Outre vos qualit\u00e9s d\u2019animateur(trice), vous avez la passion du v\u00e9g\u00e9tal et du commerce. Vous \u00eates simple, positive, accessible, disponible et aimez le travail en \u00e9quipe et les challenges. Formation assur\u00e9e avant prise de poste.<br \/>\nR\u00c9MUN\u00c9RATION : Salaire selon exp\u00e9rience + Primes mensuelles.<\/p>\n<\/div><span class='hidden team-member-affiliation'  itemprop=\"affiliation\" >LA HALLE AUX FLEURS<\/span><\/section><\/div>\n<style type=\"text\/css\" data-created_by=\"avia_inline_auto\" id=\"style-css-av-av_one_third-0aa7055fe62c3622faec82866afbaeb2\">\n.flex_column.av-av_one_third-0aa7055fe62c3622faec82866afbaeb2{\nborder-radius:0px 0px 0px 0px;\npadding:0px 0px 0px 0px;\n}\n<\/style>\n<div  class='flex_column av-av_one_third-0aa7055fe62c3622faec82866afbaeb2 av_one_third  avia-builder-el-7  el_after_av_one_third  el_before_av_hr  flex_column_div av-zero-column-padding  '     ><section  class='avia-team-member av-av_team_member-90e58ee41f5e807dfe5988d2a18ff59e  avia-builder-el-8  avia-builder-el-no-sibling '  itemscope=\"itemscope\" itemtype=\"https:\/\/schema.org\/Person\" ><div class=\"team-img-container\"><img decoding=\"async\" fetchpriority=\"high\" class='wp-image-3437 avia-img-lazy-loading-not-3437 avia_image avia_image_team' src=\"https:\/\/lahalleauxfleurs.eu\/wp-content\/uploads\/2016\/06\/LOGO_La-halle-aux-fleurs_PURPLE_SEPT-2012.png\" alt='RESPONSABLE DE MAGASIN - (H\/F)'  itemprop=\"image\"   height=\"426\" width=\"596\" srcset=\"https:\/\/lahalleauxfleurs.eu\/wp-content\/uploads\/2016\/06\/LOGO_La-halle-aux-fleurs_PURPLE_SEPT-2012.png 596w, https:\/\/lahalleauxfleurs.eu\/wp-content\/uploads\/2016\/06\/LOGO_La-halle-aux-fleurs_PURPLE_SEPT-2012-300x214.png 300w, https:\/\/lahalleauxfleurs.eu\/wp-content\/uploads\/2016\/06\/LOGO_La-halle-aux-fleurs_PURPLE_SEPT-2012-260x185.png 260w, https:\/\/lahalleauxfleurs.eu\/wp-content\/uploads\/2016\/06\/LOGO_La-halle-aux-fleurs_PURPLE_SEPT-2012-450x322.png 450w\" sizes=\"(max-width: 596px) 100vw, 596px\" \/><div class=\"team-social\"><div class=\"team-social-inner\"><span class='hidden av_member_url_markup facebook'  itemprop=\"url\" >https:\/\/www.facebook.com\/lahalleauxfleurs\/<\/span><a href='https:\/\/www.facebook.com\/lahalleauxfleurs\/' class='avia-team-icon av-av_team_icon-6468f8fe02b69a678d8071d8bee1fe76 facebook avia-iconfont avia-font-entypo-fontello' rel='v:url' data-avia-tooltip=\"La halle aux fleurs\"  data-av_icon='' data-av_iconfont='entypo-fontello' ><\/a><\/div><\/div><\/div><h3 class='team-member-name '  itemprop=\"name\" >RESPONSABLE DE MAGASIN - (H\/F)<\/h3><div class='team-member-job-title '  itemprop=\"jobTitle\" >QUALIFIE(E). CDI 35 heures hebdomadaires.<\/div><div class='team-member-description '  itemprop=\"description\" ><p>MISSION: Sous l\u2018autorit\u00e9 des g\u00e9rants, vous \u00eates responsable de la r\u00e9alisation des objectifs de chiffre d\u2019affaires et de la marge. Pour cela, vous encadrez avec votre Responsable adjoint(e), une \u00e9quipe de fleuristes et apprenti(e)s que vous accompagnez et formez au quotidien dans les proc\u00e9dures et en art-floral. Outre les ouvertures et fermetures pour lesquelles vous appliquez et faites appliquer les check-list, vous avez en charge les commandes, les encaissements\/remises en banque, le planning de livraison, le merchandising, la d\u00e9termination des prix de vente, l\u2019entretien des v\u00e9g\u00e9taux et la bonne tenue du point de vente.<br \/>\nPROFIL: vous avez un CAP ou un BP\/BM Fleuriste et une exp\u00e9rience d\u2018encadrement dans une structure signifiactive. Outre vos qualit\u00e9s d\u2019animateur(trice) et de manager, vous avez la passion du v\u00e9g\u00e9tal et du commerce. Vous \u00eates simple, positive, accessible, disponible et aimez le travail en \u00e9quipe et les challenges. Formation assur\u00e9e avant prise de poste. R\u00c9MUN\u00c9RATION : Salaire selon exp\u00e9rience + Primes mensuelles.<\/p>\n<\/div><span class='hidden team-member-affiliation'  itemprop=\"affiliation\" >LA HALLE AUX FLEURS<\/span><\/section><\/div><div  class='hr av-av_hr-4c74109ae779ebead0f66c0b8b3b9bb5 hr-full  avia-builder-el-9  el_after_av_one_third  el_before_av_textblock  hr-no-shadow'><span class='hr-inner '><span class=\"hr-inner-style\"><\/span><\/span><\/div><\/p>\n<section  class='av_textblock_section av-av_textblock-396ddf1f42196ca838231e61a4602801 '   itemscope=\"itemscope\" itemtype=\"https:\/\/schema.org\/CreativeWork\" ><div class='avia_textblock'  itemprop=\"text\" ><h2 style=\"text-align: center;\">Notre \u00e9quipe et notre culture<\/h2>\n<\/div><\/section>\n<section  class='av_textblock_section av-av_textblock-0366cc7376be6c9e82a3e9cc8987b64f '   itemscope=\"itemscope\" itemtype=\"https:\/\/schema.org\/CreativeWork\" ><div class='avia_textblock'  itemprop=\"text\" ><p style=\"text-align: center;\">Parce que nous sommes une enseigne r\u00e9gionale de proximit\u00e9, nous attachons beaucoup d&rsquo;importance dans l&rsquo;accompagnement de nos clients sur l&rsquo;acte d&rsquo;achat.<\/p>\n<p style=\"text-align: center;\">Outre la passion du M\u00e9tier et le Professionnalisme, nous souhaitons rencontrer des personnes singuli\u00e8res,<br \/>\ng\u00e9n\u00e9reuses, empathiques et positives afin de v\u00e9hiculer une Image forte autour de notre Produit, symbole d&rsquo;\u00e9motions et de plaisir.<\/p>\n<p style=\"text-align: center;\">Si vous vous reconnaissez dans ces valeurs, \u00e9crivez-nous. Notre enseigne continue de se d\u00e9velopper.<\/p>\n<\/div><\/section>\n<div  class='hr av-av_hr-4c74109ae779ebead0f66c0b8b3b9bb5 hr-full  avia-builder-el-12  el_after_av_textblock  el_before_av_textblock  hr-no-shadow'><span class='hr-inner '><span class=\"hr-inner-style\"><\/span><\/span><\/div>\n<section  class='av_textblock_section av-av_textblock-0366cc7376be6c9e82a3e9cc8987b64f '   itemscope=\"itemscope\" itemtype=\"https:\/\/schema.org\/CreativeWork\" ><div class='avia_textblock'  itemprop=\"text\" ><h2 style=\"text-align: center;\">Nos boutiques<\/h2>\n<\/div><\/section>\n<div  class='avia-slideshow av-av_slideshow-a4c06e50cbe04388437ca6d91e1038e4 avia-slideshow-entry_without_sidebar av_slideshow avia-slide-slider  avia-builder-el-14  el_after_av_textblock  avia-builder-el-last  av-slideshow-ui av-control-default av-slideshow-manual av-loop-once av-loop-manual-endless av-default-height-applied avia-slideshow-1' data-slideshow-options=\"{&quot;animation&quot;:&quot;slide&quot;,&quot;autoplay&quot;:false,&quot;loop_autoplay&quot;:&quot;once&quot;,&quot;interval&quot;:5,&quot;loop_manual&quot;:&quot;manual-endless&quot;,&quot;autoplay_stopper&quot;:false,&quot;noNavigation&quot;:false,&quot;bg_slider&quot;:false,&quot;keep_padding&quot;:false,&quot;hoverpause&quot;:false,&quot;show_slide_delay&quot;:0}\"  itemprop=\"image\" itemscope=\"itemscope\" itemtype=\"https:\/\/schema.org\/ImageObject\" ><ul class='avia-slideshow-inner ' style='padding-bottom: 42.3%;'><li  class='avia-slideshow-slide av-av_slideshow-a4c06e50cbe04388437ca6d91e1038e4__0  slide-1 slide-odd'><div data-rel='slideshow-1' class='avia-slide-wrap '   ><img decoding=\"async\" fetchpriority=\"high\" class=\"wp-image-3634 avia-img-lazy-loading-not-3634\"  src=\"https:\/\/lahalleauxfleurs.eu\/wp-content\/uploads\/2013\/04\/LHAF4_1-1000x423.jpg\" width=\"1000\" height=\"423\" title='LHAF4_1' alt=''  itemprop=\"thumbnailUrl\" srcset=\"https:\/\/lahalleauxfleurs.eu\/wp-content\/uploads\/2013\/04\/LHAF4_1.jpg 1000w, https:\/\/lahalleauxfleurs.eu\/wp-content\/uploads\/2013\/04\/LHAF4_1-300x127.jpg 300w, https:\/\/lahalleauxfleurs.eu\/wp-content\/uploads\/2013\/04\/LHAF4_1-768x325.jpg 768w, https:\/\/lahalleauxfleurs.eu\/wp-content\/uploads\/2013\/04\/LHAF4_1-705x298.jpg 705w, https:\/\/lahalleauxfleurs.eu\/wp-content\/uploads\/2013\/04\/LHAF4_1-450x190.jpg 450w\" sizes=\"(max-width: 1000px) 100vw, 1000px\" \/><\/div><\/li><li  class='avia-slideshow-slide av-av_slideshow-a4c06e50cbe04388437ca6d91e1038e4__1  slide-2 slide-even'><div data-rel='slideshow-1' class='avia-slide-wrap '   ><img decoding=\"async\" fetchpriority=\"high\" class=\"wp-image-3635 avia-img-lazy-loading-not-3635\"  src=\"https:\/\/lahalleauxfleurs.eu\/wp-content\/uploads\/2013\/04\/LHAF4_2-1000x423.jpg\" width=\"1000\" height=\"423\" title='LHAF4_2' alt=''  itemprop=\"thumbnailUrl\" srcset=\"https:\/\/lahalleauxfleurs.eu\/wp-content\/uploads\/2013\/04\/LHAF4_2.jpg 1000w, https:\/\/lahalleauxfleurs.eu\/wp-content\/uploads\/2013\/04\/LHAF4_2-300x127.jpg 300w, https:\/\/lahalleauxfleurs.eu\/wp-content\/uploads\/2013\/04\/LHAF4_2-768x325.jpg 768w, https:\/\/lahalleauxfleurs.eu\/wp-content\/uploads\/2013\/04\/LHAF4_2-705x298.jpg 705w, https:\/\/lahalleauxfleurs.eu\/wp-content\/uploads\/2013\/04\/LHAF4_2-450x190.jpg 450w\" sizes=\"(max-width: 1000px) 100vw, 1000px\" \/><\/div><\/li><li  class='avia-slideshow-slide av-av_slideshow-a4c06e50cbe04388437ca6d91e1038e4__2  slide-3 slide-odd'><div data-rel='slideshow-1' class='avia-slide-wrap '   ><img decoding=\"async\" fetchpriority=\"high\" class=\"wp-image-3638 avia-img-lazy-loading-not-3638\"  src=\"https:\/\/lahalleauxfleurs.eu\/wp-content\/uploads\/2013\/04\/LHAF5_2-1000x423.jpg\" width=\"1000\" height=\"423\" title='LHAF5_2' alt=''  itemprop=\"thumbnailUrl\" srcset=\"https:\/\/lahalleauxfleurs.eu\/wp-content\/uploads\/2013\/04\/LHAF5_2.jpg 1000w, https:\/\/lahalleauxfleurs.eu\/wp-content\/uploads\/2013\/04\/LHAF5_2-300x127.jpg 300w, https:\/\/lahalleauxfleurs.eu\/wp-content\/uploads\/2013\/04\/LHAF5_2-768x325.jpg 768w, https:\/\/lahalleauxfleurs.eu\/wp-content\/uploads\/2013\/04\/LHAF5_2-705x298.jpg 705w, https:\/\/lahalleauxfleurs.eu\/wp-content\/uploads\/2013\/04\/LHAF5_2-450x190.jpg 450w\" sizes=\"(max-width: 1000px) 100vw, 1000px\" \/><\/div><\/li><li  class='avia-slideshow-slide av-av_slideshow-a4c06e50cbe04388437ca6d91e1038e4__3  slide-4 slide-even'><div data-rel='slideshow-1' class='avia-slide-wrap '   ><img decoding=\"async\" fetchpriority=\"high\" class=\"wp-image-3639 avia-img-lazy-loading-not-3639\"  src=\"https:\/\/lahalleauxfleurs.eu\/wp-content\/uploads\/2013\/04\/LHAF5_3-1000x423.jpg\" width=\"1000\" height=\"423\" title='LHAF5_3' alt=''  itemprop=\"thumbnailUrl\" srcset=\"https:\/\/lahalleauxfleurs.eu\/wp-content\/uploads\/2013\/04\/LHAF5_3.jpg 1000w, https:\/\/lahalleauxfleurs.eu\/wp-content\/uploads\/2013\/04\/LHAF5_3-300x127.jpg 300w, https:\/\/lahalleauxfleurs.eu\/wp-content\/uploads\/2013\/04\/LHAF5_3-768x325.jpg 768w, https:\/\/lahalleauxfleurs.eu\/wp-content\/uploads\/2013\/04\/LHAF5_3-705x298.jpg 705w, https:\/\/lahalleauxfleurs.eu\/wp-content\/uploads\/2013\/04\/LHAF5_3-450x190.jpg 450w\" sizes=\"(max-width: 1000px) 100vw, 1000px\" \/><\/div><\/li><li  class='avia-slideshow-slide av-av_slideshow-a4c06e50cbe04388437ca6d91e1038e4__4  slide-5 slide-odd'><div data-rel='slideshow-1' class='avia-slide-wrap '   ><img decoding=\"async\" fetchpriority=\"high\" class=\"wp-image-3636 avia-img-lazy-loading-not-3636\"  src=\"https:\/\/lahalleauxfleurs.eu\/wp-content\/uploads\/2013\/04\/LHAF4_3-1000x423.jpg\" width=\"1000\" height=\"423\" title='LHAF4_3' alt=''  itemprop=\"thumbnailUrl\" srcset=\"https:\/\/lahalleauxfleurs.eu\/wp-content\/uploads\/2013\/04\/LHAF4_3.jpg 1000w, https:\/\/lahalleauxfleurs.eu\/wp-content\/uploads\/2013\/04\/LHAF4_3-300x127.jpg 300w, https:\/\/lahalleauxfleurs.eu\/wp-content\/uploads\/2013\/04\/LHAF4_3-768x325.jpg 768w, https:\/\/lahalleauxfleurs.eu\/wp-content\/uploads\/2013\/04\/LHAF4_3-705x298.jpg 705w, https:\/\/lahalleauxfleurs.eu\/wp-content\/uploads\/2013\/04\/LHAF4_3-450x190.jpg 450w\" sizes=\"(max-width: 1000px) 100vw, 1000px\" \/><\/div><\/li><li  class='avia-slideshow-slide av-av_slideshow-a4c06e50cbe04388437ca6d91e1038e4__5  slide-6 slide-even'><div data-rel='slideshow-1' class='avia-slide-wrap '   ><img decoding=\"async\" fetchpriority=\"high\" class=\"wp-image-3637 avia-img-lazy-loading-not-3637\"  src=\"https:\/\/lahalleauxfleurs.eu\/wp-content\/uploads\/2013\/04\/LHAF5_1-1000x423.jpg\" width=\"1000\" height=\"423\" title='LHAF5_1' alt=''  itemprop=\"thumbnailUrl\" srcset=\"https:\/\/lahalleauxfleurs.eu\/wp-content\/uploads\/2013\/04\/LHAF5_1.jpg 1000w, https:\/\/lahalleauxfleurs.eu\/wp-content\/uploads\/2013\/04\/LHAF5_1-300x127.jpg 300w, https:\/\/lahalleauxfleurs.eu\/wp-content\/uploads\/2013\/04\/LHAF5_1-768x325.jpg 768w, https:\/\/lahalleauxfleurs.eu\/wp-content\/uploads\/2013\/04\/LHAF5_1-705x298.jpg 705w, https:\/\/lahalleauxfleurs.eu\/wp-content\/uploads\/2013\/04\/LHAF5_1-450x190.jpg 450w\" sizes=\"(max-width: 1000px) 100vw, 1000px\" \/><\/div><\/li><\/ul><div class='avia-slideshow-arrows avia-slideshow-controls' ><a href='#prev' class='prev-slide  avia-svg-icon avia-font-svg_entypo-fontello' data-av_svg_icon='left-open-big' data-av_iconset='svg_entypo-fontello' tabindex='-1' title=\"Pr\u00e9c\u00e9dent\"><svg version=\"1.1\" xmlns=\"http:\/\/www.w3.org\/2000\/svg\" width=\"15\" height=\"32\" viewBox=\"0 0 15 32\" preserveAspectRatio=\"xMidYMid meet\" aria-labelledby='av-svg-title-1' aria-describedby='av-svg-desc-1' role=\"graphics-symbol\" aria-hidden=\"true\">\n<title id='av-svg-title-1'>Pr\u00e9c\u00e9dent<\/title>\n<desc id='av-svg-desc-1'>Pr\u00e9c\u00e9dent<\/desc>\n<path d=\"M14.464 27.84q0.832 0.832 0 1.536-0.832 0.832-1.536 0l-12.544-12.608q-0.768-0.768 0-1.6l12.544-12.608q0.704-0.832 1.536 0 0.832 0.704 0 1.536l-11.456 11.904z\"><\/path>\n<\/svg><span class='avia_hidden_link_text'>Pr\u00e9c\u00e9dent<\/span><\/a><a href='#next' class='next-slide  avia-svg-icon avia-font-svg_entypo-fontello' data-av_svg_icon='right-open-big' data-av_iconset='svg_entypo-fontello' tabindex='-1' title=\"Suivant\"><svg version=\"1.1\" xmlns=\"http:\/\/www.w3.org\/2000\/svg\" width=\"15\" height=\"32\" viewBox=\"0 0 15 32\" preserveAspectRatio=\"xMidYMid meet\" aria-labelledby='av-svg-title-2' aria-describedby='av-svg-desc-2' role=\"graphics-symbol\" aria-hidden=\"true\">\n<title id='av-svg-title-2'>Suivant<\/title>\n<desc id='av-svg-desc-2'>Suivant<\/desc>\n<path d=\"M0.416 27.84l11.456-11.84-11.456-11.904q-0.832-0.832 0-1.536 0.832-0.832 1.536 0l12.544 12.608q0.768 0.832 0 1.6l-12.544 12.608q-0.704 0.832-1.536 0-0.832-0.704 0-1.536z\"><\/path>\n<\/svg><span class='avia_hidden_link_text'>Suivant<\/span><\/a><\/div><div class='avia-slideshow-dots avia-slideshow-controls'><a href='#1' class='goto-slide active' >1<\/a><a href='#2' class='goto-slide ' >2<\/a><a href='#3' class='goto-slide ' >3<\/a><a href='#4' class='goto-slide ' >4<\/a><a href='#5' class='goto-slide ' >5<\/a><a href='#6' class='goto-slide ' >6<\/a><\/div><\/div>\n","protected":false},"excerpt":{"rendered":"","protected":false},"author":1,"featured_media":0,"parent":1122,"menu_order":0,"comment_status":"open","ping_status":"open","template":"","meta":{"footnotes":""},"class_list":["post-1212","page","type-page","status-publish","hentry"],"_links":{"self":[{"href":"https:\/\/lahalleauxfleurs.eu\/index.php?rest_route=\/wp\/v2\/pages\/1212","targetHints":{"allow":["GET"]}}],"collection":[{"href":"https:\/\/lahalleauxfleurs.eu\/index.php?rest_route=\/wp\/v2\/pages"}],"about":[{"href":"https:\/\/lahalleauxfleurs.eu\/index.php?rest_route=\/wp\/v2\/types\/page"}],"author":[{"embeddable":true,"href":"https:\/\/lahalleauxfleurs.eu\/index.php?rest_route=\/wp\/v2\/users\/1"}],"replies":[{"embeddable":true,"href":"https:\/\/lahalleauxfleurs.eu\/index.php?rest_route=%2Fwp%2Fv2%2Fcomments&post=1212"}],"version-history":[{"count":54,"href":"https:\/\/lahalleauxfleurs.eu\/index.php?rest_route=\/wp\/v2\/pages\/1212\/revisions"}],"predecessor-version":[{"id":4730,"href":"https:\/\/lahalleauxfleurs.eu\/index.php?rest_route=\/wp\/v2\/pages\/1212\/revisions\/4730"}],"up":[{"embeddable":true,"href":"https:\/\/lahalleauxfleurs.eu\/index.php?rest_route=\/wp\/v2\/pages\/1122"}],"wp:attachment":[{"href":"https:\/\/lahalleauxfleurs.eu\/index.php?rest_route=%2Fwp%2Fv2%2Fmedia&parent=1212"}],"curies":[{"name":"wp","href":"https:\/\/api.w.org\/{rel}","templated":true}]}}